{"id":9,"date":"2023-09-23T12:36:41","date_gmt":"2023-09-23T12:36:41","guid":{"rendered":"https:\/\/gezopft.ch\/?page_id=9"},"modified":"2023-09-23T19:27:35","modified_gmt":"2023-09-23T19:27:35","slug":"gebaeck","status":"publish","type":"page","link":"https:\/\/gezopft.ch\/?page_id=9","title":{"rendered":"Geb\u00e4ck"},"content":{"rendered":"\n<figure class=\"wp-block-image size-large\"><img loading=\"lazy\" decoding=\"async\" width=\"1024\" height=\"768\" src=\"https:\/\/gezopft.ch\/wp-content\/uploads\/2023\/09\/IMG_4729-1024x768.jpeg\" alt=\"\" class=\"wp-image-12\" srcset=\"https:\/\/gezopft.ch\/wp-content\/uploads\/2023\/09\/IMG_4729-1024x768.jpeg 1024w, https:\/\/gezopft.ch\/wp-content\/uploads\/2023\/09\/IMG_4729-300x225.jpeg 300w, https:\/\/gezopft.ch\/wp-content\/uploads\/2023\/09\/IMG_4729-768x576.jpeg 768w, https:\/\/gezopft.ch\/wp-content\/uploads\/2023\/09\/IMG_4729.jpeg 1280w\" sizes=\"auto, (max-width: 1024px) 100vw, 1024px\" \/><\/figure>\n\n\n\n<p>Ich mache dir gerne deinen Sonntagszopf frisch aus der Stube.<\/p>\n\n\n\n<p>Ich liebe Geb\u00e4ck und Dessert. Neben Zopf mache ich auch Muffins oder das legend\u00e4re Zuchetti-Schoggi Cake.<\/p>\n\n\n\n<p>Das Mehl f\u00fcr die Z\u00f6pfe sind von der Altbachm\u00fchle aus Wittnau: <a href=\"https:\/\/www.altbachmuehle.ch\" target=\"_blank\" rel=\"noreferrer noopener\">https:\/\/www.altbachmuehle.ch<\/a><\/p>\n","protected":false},"excerpt":{"rendered":"<p>Ich mache dir gerne deinen Sonntagszopf frisch aus der Stube. Ich liebe Geb\u00e4ck und Dessert. Neben Zopf mache ich auch Muffins oder das legend\u00e4re Zuchetti-Schoggi Cake. Das Mehl f\u00fcr die Z\u00f6pfe sind von der Altbachm\u00fchle aus Wittnau: https:\/\/www.altbachmuehle.ch<\/p>\n","protected":false},"author":1,"featured_media":0,"parent":0,"menu_order":0,"comment_status":"closed","ping_status":"closed","template":"","meta":{"footnotes":""},"class_list":["post-9","page","type-page","status-publish","hentry"],"_links":{"self":[{"href":"https:\/\/gezopft.ch\/index.php?rest_route=\/wp\/v2\/pages\/9","targetHints":{"allow":["GET"]}}],"collection":[{"href":"https:\/\/gezopft.ch\/index.php?rest_route=\/wp\/v2\/pages"}],"about":[{"href":"https:\/\/gezopft.ch\/index.php?rest_route=\/wp\/v2\/types\/page"}],"author":[{"embeddable":true,"href":"https:\/\/gezopft.ch\/index.php?rest_route=\/wp\/v2\/users\/1"}],"replies":[{"embeddable":true,"href":"https:\/\/gezopft.ch\/index.php?rest_route=%2Fwp%2Fv2%2Fcomments&post=9"}],"version-history":[{"count":5,"href":"https:\/\/gezopft.ch\/index.php?rest_route=\/wp\/v2\/pages\/9\/revisions"}],"predecessor-version":[{"id":71,"href":"https:\/\/gezopft.ch\/index.php?rest_route=\/wp\/v2\/pages\/9\/revisions\/71"}],"wp:attachment":[{"href":"https:\/\/gezopft.ch\/index.php?rest_route=%2Fwp%2Fv2%2Fmedia&parent=9"}],"curies":[{"name":"wp","href":"https:\/\/api.w.org\/{rel}","templated":true}]}}